{"id":222,"date":"2024-11-26T09:33:26","date_gmt":"2024-11-26T08:33:26","guid":{"rendered":"http:\/\/hqchauffeur.com\/?page_id=222"},"modified":"2025-04-24T17:41:27","modified_gmt":"2025-04-24T15:41:27","slug":"kontakt","status":"publish","type":"page","link":"https:\/\/hqchauffeur.com\/en\/kontakt\/","title":{"rendered":"Contact Us"},"content":{"rendered":"","protected":false},"excerpt":{"rendered":"","protected":false},"author":1,"featured_media":0,"parent":0,"menu_order":0,"comment_status":"closed","ping_status":"closed","template":"full-width","meta":{"saved_in_kubio":true,"_gspb_post_css":"","footnotes":""},"class_list":["post-222","page","type-page","status-publish","hentry"],"kubio_ai_page_context":{"short_desc":"","purpose":"general"},"yoast_head":"<!-- This site is optimized with the Yoast SEO plugin v23.9 - https:\/\/yoast.com\/wordpress\/plugins\/seo\/ -->\n<title>Kontakt &#8212; HQ Chauffeurservice GmbH<\/title>\n<meta name=\"description\" content=\"Exklusiver Business Chauffeur- und Limousinen Service in Frankfurt am Main \u2013 ma\u00dfgeschneiderte Fahrl\u00f6sungen f\u00fcr Firmenkunden, Gesch\u00e4ftsreisen und Events.\" \/>\n<meta name=\"robots\" content=\"index, follow, max-snippet:-1, max-image-preview:large, max-video-preview:-1\" \/>\n<link rel=\"canonical\" href=\"http:\/\/hqchauffeur.com\/en\/kontakt\/\" \/>\n<meta property=\"og:locale\" content=\"en_GB\" \/>\n<meta property=\"og:type\" content=\"article\" \/>\n<meta property=\"og:title\" content=\"Kontakt &#8212; HQ Chauffeurservice GmbH\" \/>\n<meta property=\"og:description\" content=\"Exklusiver Business Chauffeur- und Limousinen Service in Frankfurt am Main \u2013 ma\u00dfgeschneiderte Fahrl\u00f6sungen f\u00fcr Firmenkunden, Gesch\u00e4ftsreisen und Events.\" \/>\n<meta property=\"og:url\" content=\"http:\/\/hqchauffeur.com\/en\/kontakt\/\" \/>\n<meta property=\"og:site_name\" content=\"HQ Chauffeurservice GmbH\" \/>\n<meta property=\"article:modified_time\" content=\"2025-04-24T15:41:27+00:00\" \/>\n<meta property=\"og:image\" content=\"https:\/\/hqchauffeur.com\/wp-content\/uploads\/2024\/11\/DS-0032638_Logo_356ppi_schwarz_2-scaled.jpg\" \/>\n\t<meta property=\"og:image:width\" content=\"2560\" \/>\n\t<meta property=\"og:image:height\" content=\"1828\" \/>\n\t<meta property=\"og:image:type\" content=\"image\/jpeg\" \/>\n<meta name=\"twitter:card\" content=\"summary_large_image\" \/>\n<script type=\"application\/ld+json\" class=\"yoast-schema-graph\">{\"@context\":\"https:\/\/schema.org\",\"@graph\":[{\"@type\":\"WebPage\",\"@id\":\"http:\/\/hqchauffeur.com\/kontakt\/\",\"url\":\"http:\/\/hqchauffeur.com\/kontakt\/\",\"name\":\"Kontakt &#8212; HQ Chauffeurservice GmbH\",\"isPartOf\":{\"@id\":\"http:\/\/hqchauffeur.com\/#website\"},\"datePublished\":\"2024-11-26T08:33:26+00:00\",\"dateModified\":\"2025-04-24T15:41:27+00:00\",\"description\":\"Exklusiver Business Chauffeur- und Limousinen Service in Frankfurt am Main \u2013 ma\u00dfgeschneiderte Fahrl\u00f6sungen f\u00fcr Firmenkunden, Gesch\u00e4ftsreisen und Events.\",\"breadcrumb\":{\"@id\":\"http:\/\/hqchauffeur.com\/kontakt\/#breadcrumb\"},\"inLanguage\":\"en-GB\",\"potentialAction\":[{\"@type\":\"ReadAction\",\"target\":[\"http:\/\/hqchauffeur.com\/kontakt\/\"]}]},{\"@type\":\"BreadcrumbList\",\"@id\":\"http:\/\/hqchauffeur.com\/kontakt\/#breadcrumb\",\"itemListElement\":[{\"@type\":\"ListItem\",\"position\":1,\"name\":\"Startseite\",\"item\":\"http:\/\/hqchauffeur.com\/\"},{\"@type\":\"ListItem\",\"position\":2,\"name\":\"Kontakt\"}]},{\"@type\":\"WebSite\",\"@id\":\"http:\/\/hqchauffeur.com\/#website\",\"url\":\"http:\/\/hqchauffeur.com\/\",\"name\":\"HQ Chauffeur Service GmbH\",\"description\":\"P\u00fcnktlich, diskret, komfortabel \u2013 Chauffeurservice auf h\u00f6chstem Niveau\",\"publisher\":{\"@id\":\"http:\/\/hqchauffeur.com\/#organization\"},\"alternateName\":\"HQ\",\"potentialAction\":[{\"@type\":\"SearchAction\",\"target\":{\"@type\":\"EntryPoint\",\"urlTemplate\":\"http:\/\/hqchauffeur.com\/?s={search_term_string}\"},\"query-input\":{\"@type\":\"PropertyValueSpecification\",\"valueRequired\":true,\"valueName\":\"search_term_string\"}}],\"inLanguage\":\"en-GB\"},{\"@type\":\"Organization\",\"@id\":\"http:\/\/hqchauffeur.com\/#organization\",\"name\":\"HQ Chauffeurservice GmbH\",\"alternateName\":\"HQ\",\"url\":\"http:\/\/hqchauffeur.com\/\",\"logo\":{\"@type\":\"ImageObject\",\"inLanguage\":\"en-GB\",\"@id\":\"http:\/\/hqchauffeur.com\/#\/schema\/logo\/image\/\",\"url\":\"https:\/\/hqchauffeur.com\/wp-content\/uploads\/2024\/11\/cropped-DS-0032638_Logo_356ppi_schwarz_2-scaled-1.jpg\",\"contentUrl\":\"https:\/\/hqchauffeur.com\/wp-content\/uploads\/2024\/11\/cropped-DS-0032638_Logo_356ppi_schwarz_2-scaled-1.jpg\",\"width\":512,\"height\":512,\"caption\":\"HQ Chauffeurservice GmbH\"},\"image\":{\"@id\":\"http:\/\/hqchauffeur.com\/#\/schema\/logo\/image\/\"},\"sameAs\":[\"https:\/\/www.instagram.com\/hqchauffeur\/\"]}]}<\/script>\n<!-- \/ Yoast SEO plugin. -->","yoast_head_json":{"title":"Kontakt &#8212; HQ Chauffeurservice GmbH","description":"Exklusiver Business Chauffeur- und Limousinen Service in Frankfurt am Main \u2013 ma\u00dfgeschneiderte Fahrl\u00f6sungen f\u00fcr Firmenkunden, Gesch\u00e4ftsreisen und Events.","robots":{"index":"index","follow":"follow","max-snippet":"max-snippet:-1","max-image-preview":"max-image-preview:large","max-video-preview":"max-video-preview:-1"},"canonical":"http:\/\/hqchauffeur.com\/en\/kontakt\/","og_locale":"en_GB","og_type":"article","og_title":"Kontakt &#8212; HQ Chauffeurservice GmbH","og_description":"Exklusiver Business Chauffeur- und Limousinen Service in Frankfurt am Main \u2013 ma\u00dfgeschneiderte Fahrl\u00f6sungen f\u00fcr Firmenkunden, Gesch\u00e4ftsreisen und Events.","og_url":"http:\/\/hqchauffeur.com\/en\/kontakt\/","og_site_name":"HQ Chauffeurservice GmbH","article_modified_time":"2025-04-24T15:41:27+00:00","og_image":[{"width":2560,"height":1828,"url":"https:\/\/hqchauffeur.com\/wp-content\/uploads\/2024\/11\/DS-0032638_Logo_356ppi_schwarz_2-scaled.jpg","type":"image\/jpeg"}],"twitter_card":"summary_large_image","schema":{"@context":"https:\/\/schema.org","@graph":[{"@type":"WebPage","@id":"http:\/\/hqchauffeur.com\/kontakt\/","url":"http:\/\/hqchauffeur.com\/kontakt\/","name":"Kontakt &#8212; HQ Chauffeurservice GmbH","isPartOf":{"@id":"http:\/\/hqchauffeur.com\/#website"},"datePublished":"2024-11-26T08:33:26+00:00","dateModified":"2025-04-24T15:41:27+00:00","description":"Exklusiver Business Chauffeur- und Limousinen Service in Frankfurt am Main \u2013 ma\u00dfgeschneiderte Fahrl\u00f6sungen f\u00fcr Firmenkunden, Gesch\u00e4ftsreisen und Events.","breadcrumb":{"@id":"http:\/\/hqchauffeur.com\/kontakt\/#breadcrumb"},"inLanguage":"en-GB","potentialAction":[{"@type":"ReadAction","target":["http:\/\/hqchauffeur.com\/kontakt\/"]}]},{"@type":"BreadcrumbList","@id":"http:\/\/hqchauffeur.com\/kontakt\/#breadcrumb","itemListElement":[{"@type":"ListItem","position":1,"name":"Startseite","item":"http:\/\/hqchauffeur.com\/"},{"@type":"ListItem","position":2,"name":"Kontakt"}]},{"@type":"WebSite","@id":"http:\/\/hqchauffeur.com\/#website","url":"http:\/\/hqchauffeur.com\/","name":"HQ Chauffeur Service GmbH","description":"P\u00fcnktlich, diskret, komfortabel \u2013 Chauffeurservice auf h\u00f6chstem Niveau","publisher":{"@id":"http:\/\/hqchauffeur.com\/#organization"},"alternateName":"HQ","potentialAction":[{"@type":"SearchAction","target":{"@type":"EntryPoint","urlTemplate":"http:\/\/hqchauffeur.com\/?s={search_term_string}"},"query-input":{"@type":"PropertyValueSpecification","valueRequired":true,"valueName":"search_term_string"}}],"inLanguage":"en-GB"},{"@type":"Organization","@id":"http:\/\/hqchauffeur.com\/#organization","name":"HQ Chauffeurservice GmbH","alternateName":"HQ","url":"http:\/\/hqchauffeur.com\/","logo":{"@type":"ImageObject","inLanguage":"en-GB","@id":"http:\/\/hqchauffeur.com\/#\/schema\/logo\/image\/","url":"https:\/\/hqchauffeur.com\/wp-content\/uploads\/2024\/11\/cropped-DS-0032638_Logo_356ppi_schwarz_2-scaled-1.jpg","contentUrl":"https:\/\/hqchauffeur.com\/wp-content\/uploads\/2024\/11\/cropped-DS-0032638_Logo_356ppi_schwarz_2-scaled-1.jpg","width":512,"height":512,"caption":"HQ Chauffeurservice GmbH"},"image":{"@id":"http:\/\/hqchauffeur.com\/#\/schema\/logo\/image\/"},"sameAs":["https:\/\/www.instagram.com\/hqchauffeur\/"]}]}},"_links":{"self":[{"href":"https:\/\/hqchauffeur.com\/en\/wp-json\/wp\/v2\/pages\/222","targetHints":{"allow":["GET"]}}],"collection":[{"href":"https:\/\/hqchauffeur.com\/en\/wp-json\/wp\/v2\/pages"}],"about":[{"href":"https:\/\/hqchauffeur.com\/en\/wp-json\/wp\/v2\/types\/page"}],"author":[{"embeddable":true,"href":"https:\/\/hqchauffeur.com\/en\/wp-json\/wp\/v2\/users\/1"}],"replies":[{"embeddable":true,"href":"https:\/\/hqchauffeur.com\/en\/wp-json\/wp\/v2\/comments?post=222"}],"version-history":[{"count":33,"href":"https:\/\/hqchauffeur.com\/en\/wp-json\/wp\/v2\/pages\/222\/revisions"}],"predecessor-version":[{"id":809,"href":"https:\/\/hqchauffeur.com\/en\/wp-json\/wp\/v2\/pages\/222\/revisions\/809"}],"wp:attachment":[{"href":"https:\/\/hqchauffeur.com\/en\/wp-json\/wp\/v2\/media?parent=222"}],"curies":[{"name":"wp","href":"https:\/\/api.w.org\/{rel}","templated":true}]}}